{"id":12,"date":"2023-06-01T10:14:41","date_gmt":"2023-06-01T13:14:41","guid":{"rendered":"http:\/\/brechobemquerer.com.br\/?product=hoodie-with-logo"},"modified":"2023-06-29T10:24:27","modified_gmt":"2023-06-29T13:24:27","slug":"hoodie-with-logo","status":"publish","type":"product","link":"https:\/\/brechobemquerer.com.br\/?product=hoodie-with-logo","title":{"rendered":"T\u00eanis Everlast Foam Masculino"},"content":{"rendered":"<p>Atualize o seu estilo moderno e original com o T\u00eanis Everlast Foam Masculino! Perfeito para o dia a dia, esse t\u00eanis masculino fornece amortecimento e estabilidade durante as passadas.<\/p>\n<p>O cabedal macio e confort\u00e1vel garante respirabilidade, enquanto o solado emborrachado fornece ader\u00eancia. Adquira j\u00e1 esse t\u00eanis Everlast masculino, pe\u00e7a \u00fanica, produto novo.<\/p>\n","protected":false},"excerpt":{"rendered":"<p>Tamanho 40, produto novo, pe\u00e7a \u00fanica.<\/p>\n","protected":false},"featured_media":13,"comment_status":"open","ping_status":"closed","template":"","meta":{"neve_meta_sidebar":"","neve_meta_container":"","neve_meta_enable_content_width":"off","neve_meta_content_width":100,"neve_meta_title_alignment":"","neve_meta_author_avatar":"","neve_post_elements_order":"","neve_meta_disable_header":"","neve_meta_disable_footer":"","neve_meta_disable_title":"","_joinchat":[]},"product_brand":[],"product_cat":[15],"product_tag":[20,22,21,19],"class_list":{"0":"post-12","1":"product","2":"type-product","3":"status-publish","4":"has-post-thumbnail","6":"product_cat-sem-categoria","7":"product_tag-brecho","8":"product_tag-brecho-bem-querer","9":"product_tag-brecho-online","10":"product_tag-tenis-masculino","12":"first","13":"instock","14":"shipping-taxable","15":"purchasable","16":"product-type-simple"},"yoast_head":"<!-- This site is optimized with the Yoast SEO plugin v27.5 - https:\/\/yoast.com\/product\/yoast-seo-wordpress\/ -->\n<title>T\u00eanis Everlast Foam Masculino - Brech\u00f3 Bem Querer<\/title>\n<meta name=\"robots\" content=\"index, follow, max-snippet:-1, max-image-preview:large, max-video-preview:-1\" \/>\n<link rel=\"canonical\" href=\"https:\/\/brechobemquerer.com.br\/?product=hoodie-with-logo\" \/>\n<meta property=\"og:locale\" content=\"pt_BR\" \/>\n<meta property=\"og:type\" content=\"article\" \/>\n<meta property=\"og:title\" content=\"T\u00eanis Everlast Foam Masculino - Brech\u00f3 Bem Querer\" \/>\n<meta property=\"og:description\" content=\"Tamanho 40, produto novo, pe\u00e7a \u00fanica.\" \/>\n<meta property=\"og:url\" content=\"https:\/\/brechobemquerer.com.br\/?product=hoodie-with-logo\" \/>\n<meta property=\"og:site_name\" content=\"Brech\u00f3 Bem Querer\" \/>\n<meta property=\"article:publisher\" content=\"https:\/\/www.facebook.com\/brechobemquerer\/?locale=pt_BR\" \/>\n<meta property=\"article:modified_time\" content=\"2023-06-29T13:24:27+00:00\" \/>\n<meta property=\"og:image\" content=\"https:\/\/brechobemquerer.com.br\/wp-content\/uploads\/2023\/06\/Tenis-Masculino-3.jpeg\" \/>\n\t<meta property=\"og:image:width\" content=\"1200\" \/>\n\t<meta property=\"og:image:height\" content=\"1600\" \/>\n\t<meta property=\"og:image:type\" content=\"image\/jpeg\" \/>\n<meta name=\"twitter:card\" content=\"summary_large_image\" \/>\n<script type=\"application\/ld+json\" class=\"yoast-schema-graph\">{\"@context\":\"https:\\\/\\\/schema.org\",\"@graph\":[{\"@type\":\"WebPage\",\"@id\":\"https:\\\/\\\/brechobemquerer.com.br\\\/?product=hoodie-with-logo\",\"url\":\"https:\\\/\\\/brechobemquerer.com.br\\\/?product=hoodie-with-logo\",\"name\":\"T\u00eanis Everlast Foam Masculino - Brech\u00f3 Bem Querer\",\"isPartOf\":{\"@id\":\"https:\\\/\\\/brechobemquerer.com.br\\\/#website\"},\"primaryImageOfPage\":{\"@id\":\"https:\\\/\\\/brechobemquerer.com.br\\\/?product=hoodie-with-logo#primaryimage\"},\"image\":{\"@id\":\"https:\\\/\\\/brechobemquerer.com.br\\\/?product=hoodie-with-logo#primaryimage\"},\"thumbnailUrl\":\"https:\\\/\\\/brechobemquerer.com.br\\\/wp-content\\\/uploads\\\/2023\\\/06\\\/Tenis-Masculino-3.jpeg\",\"datePublished\":\"2023-06-01T13:14:41+00:00\",\"dateModified\":\"2023-06-29T13:24:27+00:00\",\"breadcrumb\":{\"@id\":\"https:\\\/\\\/brechobemquerer.com.br\\\/?product=hoodie-with-logo#breadcrumb\"},\"inLanguage\":\"pt-BR\",\"potentialAction\":[{\"@type\":\"ReadAction\",\"target\":[\"https:\\\/\\\/brechobemquerer.com.br\\\/?product=hoodie-with-logo\"]}]},{\"@type\":\"ImageObject\",\"inLanguage\":\"pt-BR\",\"@id\":\"https:\\\/\\\/brechobemquerer.com.br\\\/?product=hoodie-with-logo#primaryimage\",\"url\":\"https:\\\/\\\/brechobemquerer.com.br\\\/wp-content\\\/uploads\\\/2023\\\/06\\\/Tenis-Masculino-3.jpeg\",\"contentUrl\":\"https:\\\/\\\/brechobemquerer.com.br\\\/wp-content\\\/uploads\\\/2023\\\/06\\\/Tenis-Masculino-3.jpeg\",\"width\":1200,\"height\":1600},{\"@type\":\"BreadcrumbList\",\"@id\":\"https:\\\/\\\/brechobemquerer.com.br\\\/?product=hoodie-with-logo#breadcrumb\",\"itemListElement\":[{\"@type\":\"ListItem\",\"position\":1,\"name\":\"In\u00edcio\",\"item\":\"https:\\\/\\\/brechobemquerer.com.br\\\/\"},{\"@type\":\"ListItem\",\"position\":2,\"name\":\"Loja\",\"item\":\"https:\\\/\\\/brechobemquerer.com.br\\\/?page_id=6\"},{\"@type\":\"ListItem\",\"position\":3,\"name\":\"T\u00eanis Everlast Foam Masculino\"}]},{\"@type\":\"WebSite\",\"@id\":\"https:\\\/\\\/brechobemquerer.com.br\\\/#website\",\"url\":\"https:\\\/\\\/brechobemquerer.com.br\\\/\",\"name\":\"Brech\u00f3 Bem Querer\",\"description\":\"Brech\u00f3 em Santana ZN - S\u00e3o Paulo\",\"publisher\":{\"@id\":\"https:\\\/\\\/brechobemquerer.com.br\\\/#organization\"},\"potentialAction\":[{\"@type\":\"SearchAction\",\"target\":{\"@type\":\"EntryPoint\",\"urlTemplate\":\"https:\\\/\\\/brechobemquerer.com.br\\\/?s={search_term_string}\"},\"query-input\":{\"@type\":\"PropertyValueSpecification\",\"valueRequired\":true,\"valueName\":\"search_term_string\"}}],\"inLanguage\":\"pt-BR\"},{\"@type\":\"Organization\",\"@id\":\"https:\\\/\\\/brechobemquerer.com.br\\\/#organization\",\"name\":\"Brech\u00f3 Bem Querer\",\"url\":\"https:\\\/\\\/brechobemquerer.com.br\\\/\",\"logo\":{\"@type\":\"ImageObject\",\"inLanguage\":\"pt-BR\",\"@id\":\"https:\\\/\\\/brechobemquerer.com.br\\\/#\\\/schema\\\/logo\\\/image\\\/\",\"url\":\"https:\\\/\\\/brechobemquerer.com.br\\\/wp-content\\\/uploads\\\/2023\\\/06\\\/Bem-Querer-logo-Maio.png\",\"contentUrl\":\"https:\\\/\\\/brechobemquerer.com.br\\\/wp-content\\\/uploads\\\/2023\\\/06\\\/Bem-Querer-logo-Maio.png\",\"width\":702,\"height\":877,\"caption\":\"Brech\u00f3 Bem Querer\"},\"image\":{\"@id\":\"https:\\\/\\\/brechobemquerer.com.br\\\/#\\\/schema\\\/logo\\\/image\\\/\"},\"sameAs\":[\"https:\\\/\\\/www.facebook.com\\\/brechobemquerer\\\/?locale=pt_BR\",\"https:\\\/\\\/www.instagram.com\\\/brecho.bemquerer\\\/\"]}]}<\/script>\n<!-- \/ Yoast SEO plugin. -->","yoast_head_json":{"title":"T\u00eanis Everlast Foam Masculino - Brech\u00f3 Bem Querer","robots":{"index":"index","follow":"follow","max-snippet":"max-snippet:-1","max-image-preview":"max-image-preview:large","max-video-preview":"max-video-preview:-1"},"canonical":"https:\/\/brechobemquerer.com.br\/?product=hoodie-with-logo","og_locale":"pt_BR","og_type":"article","og_title":"T\u00eanis Everlast Foam Masculino - Brech\u00f3 Bem Querer","og_description":"Tamanho 40, produto novo, pe\u00e7a \u00fanica.","og_url":"https:\/\/brechobemquerer.com.br\/?product=hoodie-with-logo","og_site_name":"Brech\u00f3 Bem Querer","article_publisher":"https:\/\/www.facebook.com\/brechobemquerer\/?locale=pt_BR","article_modified_time":"2023-06-29T13:24:27+00:00","og_image":[{"width":1200,"height":1600,"url":"https:\/\/brechobemquerer.com.br\/wp-content\/uploads\/2023\/06\/Tenis-Masculino-3.jpeg","type":"image\/jpeg"}],"twitter_card":"summary_large_image","schema":{"@context":"https:\/\/schema.org","@graph":[{"@type":"WebPage","@id":"https:\/\/brechobemquerer.com.br\/?product=hoodie-with-logo","url":"https:\/\/brechobemquerer.com.br\/?product=hoodie-with-logo","name":"T\u00eanis Everlast Foam Masculino - Brech\u00f3 Bem Querer","isPartOf":{"@id":"https:\/\/brechobemquerer.com.br\/#website"},"primaryImageOfPage":{"@id":"https:\/\/brechobemquerer.com.br\/?product=hoodie-with-logo#primaryimage"},"image":{"@id":"https:\/\/brechobemquerer.com.br\/?product=hoodie-with-logo#primaryimage"},"thumbnailUrl":"https:\/\/brechobemquerer.com.br\/wp-content\/uploads\/2023\/06\/Tenis-Masculino-3.jpeg","datePublished":"2023-06-01T13:14:41+00:00","dateModified":"2023-06-29T13:24:27+00:00","breadcrumb":{"@id":"https:\/\/brechobemquerer.com.br\/?product=hoodie-with-logo#breadcrumb"},"inLanguage":"pt-BR","potentialAction":[{"@type":"ReadAction","target":["https:\/\/brechobemquerer.com.br\/?product=hoodie-with-logo"]}]},{"@type":"ImageObject","inLanguage":"pt-BR","@id":"https:\/\/brechobemquerer.com.br\/?product=hoodie-with-logo#primaryimage","url":"https:\/\/brechobemquerer.com.br\/wp-content\/uploads\/2023\/06\/Tenis-Masculino-3.jpeg","contentUrl":"https:\/\/brechobemquerer.com.br\/wp-content\/uploads\/2023\/06\/Tenis-Masculino-3.jpeg","width":1200,"height":1600},{"@type":"BreadcrumbList","@id":"https:\/\/brechobemquerer.com.br\/?product=hoodie-with-logo#breadcrumb","itemListElement":[{"@type":"ListItem","position":1,"name":"In\u00edcio","item":"https:\/\/brechobemquerer.com.br\/"},{"@type":"ListItem","position":2,"name":"Loja","item":"https:\/\/brechobemquerer.com.br\/?page_id=6"},{"@type":"ListItem","position":3,"name":"T\u00eanis Everlast Foam Masculino"}]},{"@type":"WebSite","@id":"https:\/\/brechobemquerer.com.br\/#website","url":"https:\/\/brechobemquerer.com.br\/","name":"Brech\u00f3 Bem Querer","description":"Brech\u00f3 em Santana ZN - S\u00e3o Paulo","publisher":{"@id":"https:\/\/brechobemquerer.com.br\/#organization"},"potentialAction":[{"@type":"SearchAction","target":{"@type":"EntryPoint","urlTemplate":"https:\/\/brechobemquerer.com.br\/?s={search_term_string}"},"query-input":{"@type":"PropertyValueSpecification","valueRequired":true,"valueName":"search_term_string"}}],"inLanguage":"pt-BR"},{"@type":"Organization","@id":"https:\/\/brechobemquerer.com.br\/#organization","name":"Brech\u00f3 Bem Querer","url":"https:\/\/brechobemquerer.com.br\/","logo":{"@type":"ImageObject","inLanguage":"pt-BR","@id":"https:\/\/brechobemquerer.com.br\/#\/schema\/logo\/image\/","url":"https:\/\/brechobemquerer.com.br\/wp-content\/uploads\/2023\/06\/Bem-Querer-logo-Maio.png","contentUrl":"https:\/\/brechobemquerer.com.br\/wp-content\/uploads\/2023\/06\/Bem-Querer-logo-Maio.png","width":702,"height":877,"caption":"Brech\u00f3 Bem Querer"},"image":{"@id":"https:\/\/brechobemquerer.com.br\/#\/schema\/logo\/image\/"},"sameAs":["https:\/\/www.facebook.com\/brechobemquerer\/?locale=pt_BR","https:\/\/www.instagram.com\/brecho.bemquerer\/"]}]}},"_links":{"self":[{"href":"https:\/\/brechobemquerer.com.br\/index.php?rest_route=\/wp\/v2\/product\/12","targetHints":{"allow":["GET"]}}],"collection":[{"href":"https:\/\/brechobemquerer.com.br\/index.php?rest_route=\/wp\/v2\/product"}],"about":[{"href":"https:\/\/brechobemquerer.com.br\/index.php?rest_route=\/wp\/v2\/types\/product"}],"replies":[{"embeddable":true,"href":"https:\/\/brechobemquerer.com.br\/index.php?rest_route=%2Fwp%2Fv2%2Fcomments&post=12"}],"wp:featuredmedia":[{"embeddable":true,"href":"https:\/\/brechobemquerer.com.br\/index.php?rest_route=\/wp\/v2\/media\/13"}],"wp:attachment":[{"href":"https:\/\/brechobemquerer.com.br\/index.php?rest_route=%2Fwp%2Fv2%2Fmedia&parent=12"}],"wp:term":[{"taxonomy":"product_brand","embeddable":true,"href":"https:\/\/brechobemquerer.com.br\/index.php?rest_route=%2Fwp%2Fv2%2Fproduct_brand&post=12"},{"taxonomy":"product_cat","embeddable":true,"href":"https:\/\/brechobemquerer.com.br\/index.php?rest_route=%2Fwp%2Fv2%2Fproduct_cat&post=12"},{"taxonomy":"product_tag","embeddable":true,"href":"https:\/\/brechobemquerer.com.br\/index.php?rest_route=%2Fwp%2Fv2%2Fproduct_tag&post=12"}],"curies":[{"name":"wp","href":"https:\/\/api.w.org\/{rel}","templated":true}]}}